{"id":17,"date":"2019-02-15T13:57:15","date_gmt":"2019-02-15T13:57:15","guid":{"rendered":"https:\/\/adamer.eu\/?page_id=17"},"modified":"2019-02-16T19:45:45","modified_gmt":"2019-02-16T19:45:45","slug":"ernaehrungsexpertin","status":"publish","type":"page","link":"https:\/\/adamer.eu\/index.php\/ernaehrungsexpertin\/","title":{"rendered":"Ern\u00e4hrungsexpertin"},"content":{"rendered":"\n<p>&#8222;Wer fragt ist ein Narr f\u00fcr 5 Minuten.  <br>Wer nicht fragt, bleibt es f\u00fcr immer. &#8222;<\/p>\n\n\n\n<p>Die richtige Ern\u00e4hrungsform gibt es nicht. Jeder von uns ist einzigartig und genau so mannigfaltig sind auch die Wege zu mehr Vitalit\u00e4t, einem gesunden K\u00f6rper und einem tollen Aussehen. Wir sind komplex aufgebaute Lebenswerte und so schwer es ist den Organismus zu verstehen, so interessant ist es auch rauszufinden welche Ern\u00e4hrungsstrategie genau bei IHNEN funktioniert. <\/p>\n\n\n\n<p>Es geht nicht um Verzicht, nicht darum sich zu kasteien. Genuss, Gesundheit und zielorientierte Nahrungsaufnahme muss sich zu jeder Zeit die Waage halten. Ich zeige Ihnen den Weg zu einem besseren K\u00f6rpergef\u00fchl und Verst\u00e4ndnis f\u00fcr Ihren K\u00f6rper.<\/p>\n\n\n\n<ul class=\"wp-block-list\"><li>Ern\u00e4hrungsempfehlung<\/li><li>Individuelle Ern\u00e4hrungssteuerung<\/li><li>Online Coaching<\/li><li>Workshops<\/li><li>Journalistische T\u00e4tigkeiten<\/li><\/ul>\n","protected":false},"excerpt":{"rendered":"<p>&#8222;Wer fragt ist ein Narr f\u00fcr 5 Minuten. Wer nicht fragt, bleibt es f\u00fcr immer. &#8222; Die richtige Ern\u00e4hrungsform gibt es nicht. Jeder von uns ist einzigartig und genau so mannigfaltig sind auch die Wege zu mehr Vitalit\u00e4t, einem gesunden K\u00f6rper und einem tollen Aussehen. Wir sind komplex aufgebaute Lebenswerte und so schwer es ist &hellip; <\/p>\n<p class=\"link-more\"><a href=\"https:\/\/adamer.eu\/index.php\/ernaehrungsexpertin\/\" class=\"more-link\"><span class=\"screen-reader-text\">\u201eErn\u00e4hrungsexpertin\u201c <\/span>weiterlesen<\/a><\/p>\n","protected":false},"author":1,"featured_media":116,"parent":0,"menu_order":0,"comment_status":"closed","ping_status":"closed","template":"","meta":{"footnotes":""},"class_list":["post-17","page","type-page","status-publish","has-post-thumbnail","hentry"],"_links":{"self":[{"href":"https:\/\/adamer.eu\/index.php\/wp-json\/wp\/v2\/pages\/17","targetHints":{"allow":["GET"]}}],"collection":[{"href":"https:\/\/adamer.eu\/index.php\/wp-json\/wp\/v2\/pages"}],"about":[{"href":"https:\/\/adamer.eu\/index.php\/wp-json\/wp\/v2\/types\/page"}],"author":[{"embeddable":true,"href":"https:\/\/adamer.eu\/index.php\/wp-json\/wp\/v2\/users\/1"}],"replies":[{"embeddable":true,"href":"https:\/\/adamer.eu\/index.php\/wp-json\/wp\/v2\/comments?post=17"}],"version-history":[{"count":6,"href":"https:\/\/adamer.eu\/index.php\/wp-json\/wp\/v2\/pages\/17\/revisions"}],"predecessor-version":[{"id":202,"href":"https:\/\/adamer.eu\/index.php\/wp-json\/wp\/v2\/pages\/17\/revisions\/202"}],"wp:featuredmedia":[{"embeddable":true,"href":"https:\/\/adamer.eu\/index.php\/wp-json\/wp\/v2\/media\/116"}],"wp:attachment":[{"href":"https:\/\/adamer.eu\/index.php\/wp-json\/wp\/v2\/media?parent=17"}],"curies":[{"name":"wp","href":"https:\/\/api.w.org\/{rel}","templated":true}]}}