{"id":16,"date":"2019-02-15T13:57:15","date_gmt":"2019-02-15T13:57:15","guid":{"rendered":"https:\/\/adamer.eu\/?page_id=16"},"modified":"2019-02-16T19:30:06","modified_gmt":"2019-02-16T19:30:06","slug":"fitnesstrainerin","status":"publish","type":"page","link":"https:\/\/adamer.eu\/index.php\/fitnesstrainerin\/","title":{"rendered":"Fitnesstrainerin"},"content":{"rendered":"\n<p>&#8222;F\u00fcr K\u00f6nnen gibt es nur einen Beweis: das Tun.&#8220;<\/p>\n\n\n\n<p>Jeder von uns hat St\u00e4rken und Schw\u00e4chen. Jeder von uns zeichnet sich in gewissen Bereichen aus durch fundiertes Wissen und ist in anderen weniger gut informiert. Das ist ganz nat\u00fcrlich und gut so. <\/p>\n\n\n\n<p>Bewegung ist Leben und egal wo Sie stehen im Leben, es ist z\u00e4hlt nur, dass Sie daran arbeiten besser zu werden und die definierten Ziele effektiv zu verfolgen. <\/p>\n\n\n\n<p>Dabei kann ich Ihnen helfen. Seit meiner Kindheit besch\u00e4ftige ich mich mit Sport, betreibe selber Leistungssport und arbeite seit meiner Schulzeit als Fitnesstrainer. Zahlreiche Ausbildungen und das Studium der Pharmazie untermauern mein Wissen und meine Leidenschaft zu diesem Thema. Gerne gebe ich davon ein St\u00fcckchen ab und motiviere Sie auf dem Weg zu einem fitteren, attraktiveren ICH.<\/p>\n\n\n\n<ul class=\"wp-block-list\"><li><\/li><li>Personal Training<\/li><li>Individuelle Trainingsplangestaltung<\/li><li>Online Coaching<\/li><\/ul>\n","protected":false},"excerpt":{"rendered":"<p>&#8222;F\u00fcr K\u00f6nnen gibt es nur einen Beweis: das Tun.&#8220; Jeder von uns hat St\u00e4rken und Schw\u00e4chen. Jeder von uns zeichnet sich in gewissen Bereichen aus durch fundiertes Wissen und ist in anderen weniger gut informiert. Das ist ganz nat\u00fcrlich und gut so. Bewegung ist Leben und egal wo Sie stehen im Leben, es ist z\u00e4hlt &hellip; <\/p>\n<p class=\"link-more\"><a href=\"https:\/\/adamer.eu\/index.php\/fitnesstrainerin\/\" class=\"more-link\"><span class=\"screen-reader-text\">\u201eFitnesstrainerin\u201c <\/span>weiterlesen<\/a><\/p>\n","protected":false},"author":1,"featured_media":94,"parent":0,"menu_order":0,"comment_status":"closed","ping_status":"closed","template":"","meta":{"footnotes":""},"class_list":["post-16","page","type-page","status-publish","has-post-thumbnail","hentry"],"_links":{"self":[{"href":"https:\/\/adamer.eu\/index.php\/wp-json\/wp\/v2\/pages\/16","targetHints":{"allow":["GET"]}}],"collection":[{"href":"https:\/\/adamer.eu\/index.php\/wp-json\/wp\/v2\/pages"}],"about":[{"href":"https:\/\/adamer.eu\/index.php\/wp-json\/wp\/v2\/types\/page"}],"author":[{"embeddable":true,"href":"https:\/\/adamer.eu\/index.php\/wp-json\/wp\/v2\/users\/1"}],"replies":[{"embeddable":true,"href":"https:\/\/adamer.eu\/index.php\/wp-json\/wp\/v2\/comments?post=16"}],"version-history":[{"count":4,"href":"https:\/\/adamer.eu\/index.php\/wp-json\/wp\/v2\/pages\/16\/revisions"}],"predecessor-version":[{"id":194,"href":"https:\/\/adamer.eu\/index.php\/wp-json\/wp\/v2\/pages\/16\/revisions\/194"}],"wp:featuredmedia":[{"embeddable":true,"href":"https:\/\/adamer.eu\/index.php\/wp-json\/wp\/v2\/media\/94"}],"wp:attachment":[{"href":"https:\/\/adamer.eu\/index.php\/wp-json\/wp\/v2\/media?parent=16"}],"curies":[{"name":"wp","href":"https:\/\/api.w.org\/{rel}","templated":true}]}}