{"id":138,"date":"2019-02-16T14:43:02","date_gmt":"2019-02-16T14:43:02","guid":{"rendered":"https:\/\/adamer.eu\/?page_id=138"},"modified":"2024-02-21T12:26:54","modified_gmt":"2024-02-21T11:26:54","slug":"biographie","status":"publish","type":"page","link":"https:\/\/adamer.eu\/index.php\/biographie\/","title":{"rendered":"Biographie"},"content":{"rendered":"\n<p>Mag.pharm Magdalena Maria Adamer<\/p>\n\n\n\n<p>*15. Dezember 1989, Graz, \u00d6sterreich <\/p>\n\n\n\n<p><strong>AUSBILDUNG<\/strong><\/p>\n\n\n\n<p>2008 &#8211; 2013<br>Studium der Pharmazie in Graz <\/p>\n\n\n\n<p><em>2012 <\/em><br><em>Diplomarbeit : &#8222;Investigating Protein-Glycan   Interactions by Chemical Cross-Linking&#8220;<\/em><\/p>\n\n\n\n<p>2000 &#8211; 2008<br>Sprachliches Gymnasium in Tamsweg<\/p>\n\n\n\n<p>1998 &#8211; 2000<br>Volksschule in Tamsweg<\/p>\n\n\n\n<p>1996 &#8211; 1998<br>Volksschule in Graz<\/p>\n\n\n\n<p><\/p>\n\n\n\n<p><strong>WEITERBILDUNG<\/strong><\/p>\n\n\n\n<p class=\"has-very-dark-gray-color has-text-color\">seit 2013<br>laufende Fortbildungen zum Thema Medizin, Fitness, Gesundheit, <\/p>\n\n\n\n<p>2018<br>Fortbildung &#8211; Renaissance Periodization \u201eRP\u201c<\/p>\n\n\n\n<p>2011<br>&#8211; Universit\u00e4rer Aufenthalt nach China (TCM-Studium), 4 Wochen<br>&#8211; Alternativmedizinische Ausbildung<strong>\u2013<\/strong>zertifizierte \u201eDelila Expertin\u201c<\/p>\n\n\n\n<p>2008<br>\u201eBody &amp; Health Coach\u201c <br>Zielgruppenspezifisches    Gesundheitstraining; mit dazugeh\u00f6rigen Praktikum im Bereich Funktionsgymnastik, Aquatraining, Entspannung und Stressmanagement, Nordic Walking<\/p>\n\n\n\n<p>seit 2007<br>Zahlreiche Seminarteilnahmen<\/p>\n\n\n\n<p><strong>BESCH\u00c4FTIGUNGEN<\/strong><\/p>\n\n\n\n<p>02\/2020 \u2013 12\/2023&nbsp;&nbsp;&nbsp;&nbsp;&nbsp;&nbsp;&nbsp; <strong>Pharmazeutin, Marketingleitung <\/strong>&#8211; NUTROPIA Pharma<\/p>\n\n\n\n<p>01\/2021 \u2013 12\/2023&nbsp;&nbsp;&nbsp;&nbsp;&nbsp;&nbsp;&nbsp; <strong>Apothekerin in der Stadtapotheke Bruck <\/strong>\u2013 8600 Bruck\/Mur<\/p>\n\n\n\n<p>10\/2020 \u2013 12\/2021&nbsp;&nbsp;&nbsp;&nbsp;&nbsp;&nbsp;&nbsp; <strong>Apothekerin in der Donauapotheke<\/strong> \u2013 1210 Wien<\/p>\n\n\n\n<p>06\/2020 \u2013 10\/2020\u00a0\u00a0\u00a0\u00a0 <strong>Vertretungen: <\/strong>\u00a0<\/p>\n\n\n\n<p><strong>Apotheke zum Heiligen Aegidius <\/strong>\u2013 1060 Wien, <strong>Herz-Jesu-Apotheke<\/strong> \u2013 1050 Wien<\/p>\n\n\n\n<p>03\/2019-05\/2020    <strong>Apothekerin in der Schlangenapotheke<\/strong> &#8211; 1020 Wien<\/p>\n\n\n\n<p>05\/2018 &#8211; 02\/2019   <strong>Apothekerin in der Sonnenland Apotheke <\/strong>\u2013 7100 Neusiedl\/See <\/p>\n\n\n\n<p>04\/2016 &#8211; 04\/2018  <strong>Apothekerin in der Maria Lourdes Apotheke<\/strong> \u2013 1120 Wien<\/p>\n\n\n\n<p>03\/2015 &#8211; 03\/2016  <strong>Aspirantin: Rotenhofapotheke<\/strong> &#8211; 1100 Wien<\/p>\n\n\n\n<p><\/p>\n\n\n\n<p>seit 01\/2014  <strong>Selbstst\u00e4ndig t\u00e4tig als Fitnesstrainerin &amp;Ern\u00e4hrungsexpertin  <\/strong> <br>                                           <\/p>\n\n\n\n<p><strong>SELBSTST\u00c4NDIGE BESCH\u00c4FTIGUNGEN<\/strong><\/p>\n\n\n\n<p>seit 01\/2023                 <strong>Lehrkraft an der PMU Salzburg<\/strong><\/p>\n\n\n\n<p><em>\u201cErn\u00e4hrungsmedizinische Grundlagen VO\u201d<\/em><\/p>\n\n\n\n<p><em>\u201cErn\u00e4hrungswissenschaftliche Grundlagen VO\u201d<\/em><\/p>\n\n\n\n<p>seit 01\/2020                  <strong>Referent an der N\u00e4hrstoffakademie Salzburg<\/strong><\/p>\n\n\n\n<p>12\/2019 &#8211; bis 2022\u00a0\u00a0\u00a0\u00a0\u00a0<strong>Journalistische T\u00e4tigkeit bei der \u00d6sterreichischen Apothekerzeitung<\/strong><\/p>\n\n\n\n<p>seit 01\/2014                  <strong>Selbstst\u00e4ndig t\u00e4tig als Fitnesstrainerin &amp;Ern\u00e4hrungsexpertin  <\/strong> <\/p>\n","protected":false},"excerpt":{"rendered":"<p>Mag.pharm Magdalena Maria Adamer *15. Dezember 1989, Graz, \u00d6sterreich AUSBILDUNG 2008 &#8211; 2013Studium der Pharmazie in Graz 2012 Diplomarbeit : &#8222;Investigating Protein-Glycan Interactions by Chemical Cross-Linking&#8220; 2000 &#8211; 2008Sprachliches Gymnasium in Tamsweg 1998 &#8211; 2000Volksschule in Tamsweg 1996 &#8211; 1998Volksschule in Graz WEITERBILDUNG seit 2013laufende Fortbildungen zum Thema Medizin, Fitness, Gesundheit, 2018Fortbildung &#8211; Renaissance Periodization &hellip; <\/p>\n<p class=\"link-more\"><a href=\"https:\/\/adamer.eu\/index.php\/biographie\/\" class=\"more-link\"><span class=\"screen-reader-text\">\u201eBiographie\u201c <\/span>weiterlesen<\/a><\/p>\n","protected":false},"author":1,"featured_media":157,"parent":0,"menu_order":0,"comment_status":"closed","ping_status":"closed","template":"","meta":{"footnotes":""},"class_list":["post-138","page","type-page","status-publish","has-post-thumbnail","hentry"],"_links":{"self":[{"href":"https:\/\/adamer.eu\/index.php\/wp-json\/wp\/v2\/pages\/138","targetHints":{"allow":["GET"]}}],"collection":[{"href":"https:\/\/adamer.eu\/index.php\/wp-json\/wp\/v2\/pages"}],"about":[{"href":"https:\/\/adamer.eu\/index.php\/wp-json\/wp\/v2\/types\/page"}],"author":[{"embeddable":true,"href":"https:\/\/adamer.eu\/index.php\/wp-json\/wp\/v2\/users\/1"}],"replies":[{"embeddable":true,"href":"https:\/\/adamer.eu\/index.php\/wp-json\/wp\/v2\/comments?post=138"}],"version-history":[{"count":20,"href":"https:\/\/adamer.eu\/index.php\/wp-json\/wp\/v2\/pages\/138\/revisions"}],"predecessor-version":[{"id":338,"href":"https:\/\/adamer.eu\/index.php\/wp-json\/wp\/v2\/pages\/138\/revisions\/338"}],"wp:featuredmedia":[{"embeddable":true,"href":"https:\/\/adamer.eu\/index.php\/wp-json\/wp\/v2\/media\/157"}],"wp:attachment":[{"href":"https:\/\/adamer.eu\/index.php\/wp-json\/wp\/v2\/media?parent=138"}],"curies":[{"name":"wp","href":"https:\/\/api.w.org\/{rel}","templated":true}]}}