{"id":10,"date":"2019-02-15T13:57:15","date_gmt":"2019-02-15T13:57:15","guid":{"rendered":"https:\/\/adamer.eu\/?page_id=10"},"modified":"2019-02-16T17:09:26","modified_gmt":"2019-02-16T17:09:26","slug":"startseite","status":"publish","type":"page","link":"https:\/\/adamer.eu\/","title":{"rendered":"Startseite"},"content":{"rendered":"\n<p>Besonders \u00fcberwiegt die Gesundheit alle \u00e4u\u00dferen G\u00fcter so sehr, dass wahrlich ein gesunder Bettler gl\u00fccklicher ist, als ein kranker K\u00f6nig.<\/p>\n\n\n\n<p>(Arthur Schoppenhauer)<\/p>\n\n\n\n<p><\/p>\n","protected":false},"excerpt":{"rendered":"<p>Besonders \u00fcberwiegt die Gesundheit alle \u00e4u\u00dferen G\u00fcter so sehr, dass wahrlich ein gesunder Bettler gl\u00fccklicher ist, als ein kranker K\u00f6nig. (Arthur Schoppenhauer)<\/p>\n","protected":false},"author":1,"featured_media":164,"parent":0,"menu_order":0,"comment_status":"closed","ping_status":"closed","template":"","meta":{"footnotes":""},"class_list":["post-10","page","type-page","status-publish","has-post-thumbnail","hentry"],"_links":{"self":[{"href":"https:\/\/adamer.eu\/index.php\/wp-json\/wp\/v2\/pages\/10","targetHints":{"allow":["GET"]}}],"collection":[{"href":"https:\/\/adamer.eu\/index.php\/wp-json\/wp\/v2\/pages"}],"about":[{"href":"https:\/\/adamer.eu\/index.php\/wp-json\/wp\/v2\/types\/page"}],"author":[{"embeddable":true,"href":"https:\/\/adamer.eu\/index.php\/wp-json\/wp\/v2\/users\/1"}],"replies":[{"embeddable":true,"href":"https:\/\/adamer.eu\/index.php\/wp-json\/wp\/v2\/comments?post=10"}],"version-history":[{"count":2,"href":"https:\/\/adamer.eu\/index.php\/wp-json\/wp\/v2\/pages\/10\/revisions"}],"predecessor-version":[{"id":127,"href":"https:\/\/adamer.eu\/index.php\/wp-json\/wp\/v2\/pages\/10\/revisions\/127"}],"wp:featuredmedia":[{"embeddable":true,"href":"https:\/\/adamer.eu\/index.php\/wp-json\/wp\/v2\/media\/164"}],"wp:attachment":[{"href":"https:\/\/adamer.eu\/index.php\/wp-json\/wp\/v2\/media?parent=10"}],"curies":[{"name":"wp","href":"https:\/\/api.w.org\/{rel}","templated":true}]}}